{"id":69,"date":"2021-11-01T18:28:57","date_gmt":"2021-11-01T17:28:57","guid":{"rendered":"http:\/\/ibwwhbc.cluster029.hosting.ovh.net\/?page_id=69"},"modified":"2023-04-13T20:46:31","modified_gmt":"2023-04-13T18:46:31","slug":"contact","status":"publish","type":"page","link":"https:\/\/www.location-appartement-colomiers.com\/index.php\/contact\/","title":{"rendered":"Contact"},"content":{"rendered":"\n<div class=\"wpcf7 no-js\" id=\"wpcf7-f286-o1\" lang=\"en-US\" dir=\"ltr\">\n<div class=\"screen-reader-response\"><p role=\"status\" aria-live=\"polite\" aria-atomic=\"true\"><\/p> <ul><\/ul><\/div>\n<form action=\"\/index.php\/wp-json\/wp\/v2\/pages\/69#wpcf7-f286-o1\" method=\"post\" class=\"wpcf7-form init\" aria-label=\"Contact form\" novalidate=\"novalidate\" data-status=\"init\">\n<div style=\"display: none;\">\n<input type=\"hidden\" name=\"_wpcf7\" value=\"286\" \/>\n<input type=\"hidden\" name=\"_wpcf7_version\" value=\"5.7.7\" \/>\n<input type=\"hidden\" name=\"_wpcf7_locale\" value=\"en_US\" \/>\n<input type=\"hidden\" name=\"_wpcf7_unit_tag\" value=\"wpcf7-f286-o1\" \/>\n<input type=\"hidden\" name=\"_wpcf7_container_post\" value=\"0\" \/>\n<input type=\"hidden\" name=\"_wpcf7_posted_data_hash\" value=\"\" \/>\n<\/div>\n<p><label> Votre nom<br \/>\n<span class=\"wpcf7-form-control-wrap\" data-name=\"your-name\"><input size=\"40\" class=\"wpcf7-form-control wpcf7-text wpcf7-validates-as-required\" autocomplete=\"name\" aria-required=\"true\" aria-invalid=\"false\" value=\"\" type=\"text\" name=\"your-name\" \/><\/span> <\/label>\n<\/p>\n<p><label> Votre e-mail<br \/>\n<span class=\"wpcf7-form-control-wrap\" data-name=\"your-email\"><input size=\"40\" class=\"wpcf7-form-control wpcf7-text wpcf7-email wpcf7-validates-as-required wpcf7-validates-as-email\" autocomplete=\"email\" aria-required=\"true\" aria-invalid=\"false\" value=\"\" type=\"email\" name=\"your-email\" \/><\/span> <\/label>\n<\/p>\n<p><label> Objet<br \/>\n<span class=\"wpcf7-form-control-wrap\" data-name=\"your-subject\"><input size=\"40\" class=\"wpcf7-form-control wpcf7-text wpcf7-validates-as-required\" aria-required=\"true\" aria-invalid=\"false\" value=\"\" type=\"text\" name=\"your-subject\" \/><\/span> <\/label>\n<\/p>\n<p><label> Votre message (facultatif)<br \/>\n<span class=\"wpcf7-form-control-wrap\" data-name=\"your-message\"><textarea cols=\"40\" rows=\"10\" class=\"wpcf7-form-control wpcf7-textarea\" aria-invalid=\"false\" name=\"your-message\"><\/textarea><\/span> <\/label>\n<\/p>\n<p><div id=\"cf7sr-69e0880c6f93c\" class=\"cf7sr-g-recaptcha\" data-sitekey=\"6LeCaKEjAAAAAJENH_ZkuYjHvzoC9K2LCW0D1jTn\"><\/div><span class=\"wpcf7-form-control-wrap cf7sr-recaptcha\" data-name=\"cf7sr-recaptcha\"><input type=\"hidden\" name=\"cf7sr-recaptcha\" value=\"\" class=\"wpcf7-form-control\"><\/span><br \/>\n<input class=\"wpcf7-form-control has-spinner wpcf7-submit\" type=\"submit\" value=\"Envoyer\" \/>\n<\/p><div class=\"wpcf7-response-output\" aria-hidden=\"true\"><\/div>\n<\/form>\n<\/div>\n\n\n\n\n<h2 class=\"wp-block-heading\">Questions fr\u00e9quentes<\/h2>\n\n\n\n<p><strong>QUELLE EST L\u2019HEURE D\u2019ARRIV\u00c9E ET DE D\u00c9PART ?<\/strong><\/p>\n\n\n\n<p>Le check-in (arriv\u00e9e dans l\u2019appartement) est possible \u00e0 partir de 16h et le check-out (d\u00e9part de l\u2019appartement) doit \u00eatre fait au plus tard \u00e0 11h. Il est possible d\u2019arriver avant 15h \u00e0 condition que le m\u00e9nage est \u00e9t\u00e9 r\u00e9alis\u00e9, veuillez nous contacter pour validation.<\/p>\n\n\n\n<p><strong>DOIS-JE PAYER UN ACOMPTE ?<\/strong><\/p>\n\n\n\n<p>Oui, un lien de paiement de la caution vous sera envoy\u00e9 2 jours avant votre arriv\u00e9e.<\/p>\n\n\n\n<p><strong>VAIS-JE RECEVOIR UNE FACTURE \u00c0 L\u2019ISSUE DU S\u00c9JOUR ?<\/strong><\/p>\n\n\n\n<p>Oui nous vous donnerons une facture en main propre \u00e0 votre arriv\u00e9e au logement.<\/p>\n\n\n\n<p><strong>ANNULATION DE LOCATION<\/strong><\/p>\n\n\n\n<p>Le remboursement sera int\u00e9gral en cas d&rsquo;annulation jusqu&rsquo;\u00e0 30&nbsp;jours avant l&rsquo;arriv\u00e9e. Si la r\u00e9servation a \u00e9t\u00e9 effectu\u00e9e moins de 30&nbsp;jours avant l&rsquo;arriv\u00e9e, remboursement int\u00e9gral pour toute annulation effectu\u00e9e dans les 48&nbsp;heures suivant la r\u00e9servation et au moins 14&nbsp;jours avant la date d&rsquo;arriv\u00e9e. Au-del\u00e0, un remboursement de 50&nbsp;% s&rsquo;applique jusqu&rsquo;\u00e0 7&nbsp;jours avant l&rsquo;arriv\u00e9e. Aucun remboursement ne sera effectu\u00e9 apr\u00e8s ce d\u00e9lai.<\/p>\n\n\n\n<p><strong>LES ANIMAUX SONT ILS AUTORIS\u00c9S ?<\/strong><\/p>\n\n\n\n<p>Nous aimons beaucoup les animaux mais ils sont malheureusement interdits dans l\u2019appartement pour des raisons d\u2019hygi\u00e8ne.<\/p>\n\n\n\n<p><strong>L\u2019APPARTEMENT EST IL FUMEUR ?<\/strong><\/p>\n\n\n\n<p>Il est strictement interdit de fumer dans l\u2019appartement (l\u2019appartement est \u00e9quip\u00e9 d\u2019un d\u00e9tecteur de fum\u00e9e).<\/p>\n\n\n\n<p><strong>QUI CONTACTER EN CAS DE PROBL\u00c8MES ?<\/strong><\/p>\n\n\n\n<p>Toutes les informations utiles seront dans le livret d\u2019accueil qui vous sera remis \u00e0 votre arriv\u00e9e.<\/p>\n\n\n\n<p><strong>COMBIEN DE PERSONNES PEUVENT DORMIR DANS L\u2019APPARTEMENT ?<\/strong><\/p>\n\n\n\n<p>L&rsquo;appartement peut accueillir au maximum 4 personnes.<\/p>\n\n\n\n<p><strong>LES SERVIETTES DE BAIN SONT-ELLES FOURNIES ?<\/strong><\/p>\n\n\n\n<p>Oui, des serviettes de bain sont syst\u00e9matiquement fournies.<\/p>\n\n\n\n<p><strong>LES DRAPS SONT&rsquo;ILS FOURNIS ?<\/strong><\/p>\n\n\n\n<p>Oui, un kit est fournit pour chaque lit.<\/p>\n\n\n\n<p><strong>LE M\u00c9NAGE EST-IL INCLUS LE S\u00c9JOUR ?<\/strong><\/p>\n\n\n\n<p>Un forfait m\u00e9nage est inclus dans le prix de la location (35 euros par s\u00e9jour) pour que l\u2019appartement vous soit livr\u00e9 propre pour votre arriv\u00e9e.<\/p>\n\n\n\n<p>Cependant le locataire est tenu de le rendre dans son \u00e9tat d\u2019utilisation normale (vaisselle faite, sol propre, etc\u2026). Un service de m\u00e9nage (35 \u20ac) vous sera factur\u00e9 si il est n\u00e9cessaire de r\u00e9aliser un nettoyage de plus d\u2019une heure.<\/p>\n\n\n\n<p><strong>O\u00d9 PUIS JE ME GARER ?<\/strong><\/p>\n\n\n\n<p>Le stationnement est enti\u00e8rement gratuit et s\u00e9curis\u00e9 via une place de parking privative \u00e0 l&rsquo;int\u00e9rieur de la r\u00e9sidence.<\/p>\n","protected":false},"excerpt":{"rendered":"<p>Questions fr\u00e9quentes QUELLE EST L\u2019HEURE D\u2019ARRIV\u00c9E ET DE D\u00c9PART ? Le check-in (arriv\u00e9e dans l\u2019appartement) est possible \u00e0 partir de 16h et le check-out (d\u00e9part de l\u2019appartement) doit \u00eatre fait au plus tard \u00e0 11h. Il est possible d\u2019arriver avant 15h \u00e0 condition que le m\u00e9nage est \u00e9t\u00e9 r\u00e9alis\u00e9, veuillez nous contacter pour validation. DOIS-JE [&hellip;]<\/p>\n","protected":false},"author":1,"featured_media":0,"parent":0,"menu_order":0,"comment_status":"closed","ping_status":"closed","template":"template-fullwidth.php","meta":{"footnotes":""},"yoast_head":"<!-- This site is optimized with the Yoast SEO plugin v22.5 - https:\/\/yoast.com\/wordpress\/plugins\/seo\/ -->\n<title>Contact - Appart&#039;h\u00f4tel \u00e0 Colomiers - calme et confort<\/title>\n<meta name=\"description\" content=\"Contact : la rubrique contact de votre Appart&#039;h\u00f4tel \u00e0 Colomiers. Vous pouvez nous transmettre vos questions.\" \/>\n<meta name=\"robots\" content=\"index, follow, max-snippet:-1, max-image-preview:large, max-video-preview:-1\" \/>\n<link rel=\"canonical\" href=\"https:\/\/www.location-appartement-colomiers.com\/index.php\/contact\/\" \/>\n<meta property=\"og:locale\" content=\"fr_FR\" \/>\n<meta property=\"og:type\" content=\"article\" \/>\n<meta property=\"og:title\" content=\"Contact - Appart&#039;h\u00f4tel \u00e0 Colomiers - calme et confort\" \/>\n<meta property=\"og:description\" content=\"Contact : la rubrique contact de votre Appart&#039;h\u00f4tel \u00e0 Colomiers. Vous pouvez nous transmettre vos questions.\" \/>\n<meta property=\"og:url\" content=\"https:\/\/www.location-appartement-colomiers.com\/index.php\/contact\/\" \/>\n<meta property=\"og:site_name\" content=\"Location Appartement \u00e0 Colomiers - Court S\u00e9jour \u00e0 Proximit\u00e9 de Toulouse\" \/>\n<meta property=\"article:modified_time\" content=\"2023-04-13T18:46:31+00:00\" \/>\n<meta name=\"twitter:card\" content=\"summary_large_image\" \/>\n<meta name=\"twitter:label1\" content=\"Dur\u00e9e de lecture estim\u00e9e\" \/>\n\t<meta name=\"twitter:data1\" content=\"2 minutes\" \/>\n<script type=\"application\/ld+json\" class=\"yoast-schema-graph\">{\"@context\":\"https:\/\/schema.org\",\"@graph\":[{\"@type\":\"WebPage\",\"@id\":\"https:\/\/www.location-appartement-colomiers.com\/index.php\/contact\/\",\"url\":\"https:\/\/www.location-appartement-colomiers.com\/index.php\/contact\/\",\"name\":\"Contact - Appart'h\u00f4tel \u00e0 Colomiers - calme et confort\",\"isPartOf\":{\"@id\":\"https:\/\/www.location-appartement-colomiers.com\/#website\"},\"datePublished\":\"2021-11-01T17:28:57+00:00\",\"dateModified\":\"2023-04-13T18:46:31+00:00\",\"description\":\"Contact : la rubrique contact de votre Appart'h\u00f4tel \u00e0 Colomiers. Vous pouvez nous transmettre vos questions.\",\"breadcrumb\":{\"@id\":\"https:\/\/www.location-appartement-colomiers.com\/index.php\/contact\/#breadcrumb\"},\"inLanguage\":\"fr-FR\",\"potentialAction\":[{\"@type\":\"ReadAction\",\"target\":[\"https:\/\/www.location-appartement-colomiers.com\/index.php\/contact\/\"]}]},{\"@type\":\"BreadcrumbList\",\"@id\":\"https:\/\/www.location-appartement-colomiers.com\/index.php\/contact\/#breadcrumb\",\"itemListElement\":[{\"@type\":\"ListItem\",\"position\":1,\"name\":\"Accueil\",\"item\":\"https:\/\/www.location-appartement-colomiers.com\/\"},{\"@type\":\"ListItem\",\"position\":2,\"name\":\"Contact\"}]},{\"@type\":\"WebSite\",\"@id\":\"https:\/\/www.location-appartement-colomiers.com\/#website\",\"url\":\"https:\/\/www.location-appartement-colomiers.com\/\",\"name\":\"Location Appartement \u00e0 Colomiers - Court S\u00e9jour \u00e0 Proximit\u00e9 de Toulouse\",\"description\":\"Envie de r\u00e9server un logement \u00e0 Toulouse ? Je suis l\u00e0 pour vous offrir une solution : 2 appartements calme et spacieux rien que pour vous. Le plus difficile sera de choisir..\",\"potentialAction\":[{\"@type\":\"SearchAction\",\"target\":{\"@type\":\"EntryPoint\",\"urlTemplate\":\"https:\/\/www.location-appartement-colomiers.com\/?s={search_term_string}\"},\"query-input\":\"required name=search_term_string\"}],\"inLanguage\":\"fr-FR\"}]}<\/script>\n<!-- \/ Yoast SEO plugin. -->","yoast_head_json":{"title":"Contact - Appart'h\u00f4tel \u00e0 Colomiers - calme et confort","description":"Contact : la rubrique contact de votre Appart'h\u00f4tel \u00e0 Colomiers. Vous pouvez nous transmettre vos questions.","robots":{"index":"index","follow":"follow","max-snippet":"max-snippet:-1","max-image-preview":"max-image-preview:large","max-video-preview":"max-video-preview:-1"},"canonical":"https:\/\/www.location-appartement-colomiers.com\/index.php\/contact\/","og_locale":"fr_FR","og_type":"article","og_title":"Contact - Appart'h\u00f4tel \u00e0 Colomiers - calme et confort","og_description":"Contact : la rubrique contact de votre Appart'h\u00f4tel \u00e0 Colomiers. Vous pouvez nous transmettre vos questions.","og_url":"https:\/\/www.location-appartement-colomiers.com\/index.php\/contact\/","og_site_name":"Location Appartement \u00e0 Colomiers - Court S\u00e9jour \u00e0 Proximit\u00e9 de Toulouse","article_modified_time":"2023-04-13T18:46:31+00:00","twitter_card":"summary_large_image","twitter_misc":{"Dur\u00e9e de lecture estim\u00e9e":"2 minutes"},"schema":{"@context":"https:\/\/schema.org","@graph":[{"@type":"WebPage","@id":"https:\/\/www.location-appartement-colomiers.com\/index.php\/contact\/","url":"https:\/\/www.location-appartement-colomiers.com\/index.php\/contact\/","name":"Contact - Appart'h\u00f4tel \u00e0 Colomiers - calme et confort","isPartOf":{"@id":"https:\/\/www.location-appartement-colomiers.com\/#website"},"datePublished":"2021-11-01T17:28:57+00:00","dateModified":"2023-04-13T18:46:31+00:00","description":"Contact : la rubrique contact de votre Appart'h\u00f4tel \u00e0 Colomiers. Vous pouvez nous transmettre vos questions.","breadcrumb":{"@id":"https:\/\/www.location-appartement-colomiers.com\/index.php\/contact\/#breadcrumb"},"inLanguage":"fr-FR","potentialAction":[{"@type":"ReadAction","target":["https:\/\/www.location-appartement-colomiers.com\/index.php\/contact\/"]}]},{"@type":"BreadcrumbList","@id":"https:\/\/www.location-appartement-colomiers.com\/index.php\/contact\/#breadcrumb","itemListElement":[{"@type":"ListItem","position":1,"name":"Accueil","item":"https:\/\/www.location-appartement-colomiers.com\/"},{"@type":"ListItem","position":2,"name":"Contact"}]},{"@type":"WebSite","@id":"https:\/\/www.location-appartement-colomiers.com\/#website","url":"https:\/\/www.location-appartement-colomiers.com\/","name":"Location Appartement \u00e0 Colomiers - Court S\u00e9jour \u00e0 Proximit\u00e9 de Toulouse","description":"Envie de r\u00e9server un logement \u00e0 Toulouse ? Je suis l\u00e0 pour vous offrir une solution : 2 appartements calme et spacieux rien que pour vous. Le plus difficile sera de choisir..","potentialAction":[{"@type":"SearchAction","target":{"@type":"EntryPoint","urlTemplate":"https:\/\/www.location-appartement-colomiers.com\/?s={search_term_string}"},"query-input":"required name=search_term_string"}],"inLanguage":"fr-FR"}]}},"_links":{"self":[{"href":"https:\/\/www.location-appartement-colomiers.com\/index.php\/wp-json\/wp\/v2\/pages\/69"}],"collection":[{"href":"https:\/\/www.location-appartement-colomiers.com\/index.php\/wp-json\/wp\/v2\/pages"}],"about":[{"href":"https:\/\/www.location-appartement-colomiers.com\/index.php\/wp-json\/wp\/v2\/types\/page"}],"author":[{"embeddable":true,"href":"https:\/\/www.location-appartement-colomiers.com\/index.php\/wp-json\/wp\/v2\/users\/1"}],"replies":[{"embeddable":true,"href":"https:\/\/www.location-appartement-colomiers.com\/index.php\/wp-json\/wp\/v2\/comments?post=69"}],"version-history":[{"count":11,"href":"https:\/\/www.location-appartement-colomiers.com\/index.php\/wp-json\/wp\/v2\/pages\/69\/revisions"}],"predecessor-version":[{"id":415,"href":"https:\/\/www.location-appartement-colomiers.com\/index.php\/wp-json\/wp\/v2\/pages\/69\/revisions\/415"}],"wp:attachment":[{"href":"https:\/\/www.location-appartement-colomiers.com\/index.php\/wp-json\/wp\/v2\/media?parent=69"}],"curies":[{"name":"wp","href":"https:\/\/api.w.org\/{rel}","templated":true}]}}