{"id":449,"date":"2024-01-06T13:30:52","date_gmt":"2024-01-06T12:30:52","guid":{"rendered":"https:\/\/www.location-appartement-colomiers.com\/?page_id=449"},"modified":"2024-01-06T18:13:54","modified_gmt":"2024-01-06T17:13:54","slug":"le-beluga-xl-6p","status":"publish","type":"page","link":"https:\/\/www.location-appartement-colomiers.com\/index.php\/le-beluga-xl-6p\/","title":{"rendered":""},"content":{"rendered":"\t\t<div data-elementor-type=\"wp-page\" data-elementor-id=\"449\" class=\"elementor elementor-449\">\n\t\t\t\t\t\t\t\t\t<section class=\"elementor-section elementor-top-section elementor-element elementor-element-31c956d9 elementor-section-full_width elementor-section-height-min-height elementor-section-items-stretch elementor-section-stretched elementor-section-height-default\" data-id=\"31c956d9\" data-element_type=\"section\" data-settings=\"{&quot;stretch_section&quot;:&quot;section-stretched&quot;}\">\n\t\t\t\t\t\t<div class=\"elementor-container elementor-column-gap-extended\">\n\t\t\t\t\t<div class=\"elementor-column elementor-col-100 elementor-top-column elementor-element elementor-element-e04d1e7\" data-id=\"e04d1e7\" data-element_type=\"column\">\n\t\t\t<div class=\"elementor-widget-wrap elementor-element-populated\">\n\t\t\t\t\t\t\t\t<div class=\"elementor-element elementor-element-31b9608d elementor-widget elementor-widget-text-editor\" data-id=\"31b9608d\" data-element_type=\"widget\" data-widget_type=\"text-editor.default\">\n\t\t\t\t<div class=\"elementor-widget-container\">\n\t\t\t<style>\/*! elementor - v3.10.2 - 29-01-2023 *\/\n.elementor-widget-text-editor.elementor-drop-cap-view-stacked .elementor-drop-cap{background-color:#818a91;color:#fff}.elementor-widget-text-editor.elementor-drop-cap-view-framed .elementor-drop-cap{color:#818a91;border:3px solid;background-color:transparent}.elementor-widget-text-editor:not(.elementor-drop-cap-view-default) .elementor-drop-cap{margin-top:8px}.elementor-widget-text-editor:not(.elementor-drop-cap-view-default) .elementor-drop-cap-letter{width:1em;height:1em}.elementor-widget-text-editor .elementor-drop-cap{float:left;text-align:center;line-height:1;font-size:50px}.elementor-widget-text-editor .elementor-drop-cap-letter{display:inline-block}<\/style>\t\t\t\t<!-- wp:shortcode -->\n<iframe loading=\"lazy\" id=\"bookingengine\" allowfullscreen=\"\" src=\"https:\/\/app.superhote.com\/#\/rental\/propertyKeyGo5FlHlw4xR7aoVIkkR9mkpeN\" style=\"display:block\" width=\"100%\" height=\"3879\" frameborder=\"0\"><\/iframe>\n<style>\n.main-content-container{\n    width:100%;\nmax-width:100%;\n    padding:0;\nmargin:0:\n}\n.gdlr-main-content{\n    margin:0 !important;\n}\n.gdlr-main-content p{\n    margin:0 !important;\n}\n.body-wrapper.gdlr-header-transparent .gdlr-page-title-wrapper{\n    padding-top: 120px;\n    padding-bottom: 40px;\n}\n<\/style>\n<!-- \/wp:shortcode -->\t\t\t\t\t\t<\/div>\n\t\t\t\t<\/div>\n\t\t\t\t\t<\/div>\n\t\t<\/div>\n\t\t\t\t\t\t\t<\/div>\n\t\t<\/section>\n\t\t\t\t\t\t\t<\/div>\n\t\t","protected":false},"excerpt":{"rendered":"","protected":false},"author":1,"featured_media":0,"parent":0,"menu_order":0,"comment_status":"closed","ping_status":"closed","template":"","meta":{"footnotes":""},"yoast_head":"<!-- This site is optimized with the Yoast SEO plugin v22.5 - https:\/\/yoast.com\/wordpress\/plugins\/seo\/ -->\n<title>- Location Appartement \u00e0 Colomiers - Court S\u00e9jour \u00e0 Proximit\u00e9 de Toulouse<\/title>\n<meta name=\"description\" content=\"Envie de r\u00e9server un logement \u00e0 Toulouse ? Je suis l\u00e0 pour vous offrir une solution : un grand appartement spacieux, paisible et \u00e9quip\u00e9, nich\u00e9 dans une r\u00e9sidence s\u00e9curis\u00e9e. Vous serez en proximit\u00e9 des commerces et restaurants. Que ce soit pour une escapade de plaisir ou un s\u00e9jour professionnel, cet emplacement est id\u00e9al pour explorer facilement la ville rose et rayonner autour de la zone industrielle d\u2019AIRBUS. Ne tardez pas \u00e0 r\u00e9server pour une exp\u00e9rience inoubliable !\" \/>\n<meta name=\"robots\" content=\"index, follow, max-snippet:-1, max-image-preview:large, max-video-preview:-1\" \/>\n<link rel=\"canonical\" href=\"https:\/\/www.location-appartement-colomiers.com\/index.php\/le-beluga-xl-6p\/\" \/>\n<meta property=\"og:locale\" content=\"fr_FR\" \/>\n<meta property=\"og:type\" content=\"article\" \/>\n<meta property=\"og:title\" content=\"- Location Appartement \u00e0 Colomiers - Court S\u00e9jour \u00e0 Proximit\u00e9 de Toulouse\" \/>\n<meta property=\"og:description\" content=\"Envie de r\u00e9server un logement \u00e0 Toulouse ? Je suis l\u00e0 pour vous offrir une solution : un grand appartement spacieux, paisible et \u00e9quip\u00e9, nich\u00e9 dans une r\u00e9sidence s\u00e9curis\u00e9e. Vous serez en proximit\u00e9 des commerces et restaurants. Que ce soit pour une escapade de plaisir ou un s\u00e9jour professionnel, cet emplacement est id\u00e9al pour explorer facilement la ville rose et rayonner autour de la zone industrielle d\u2019AIRBUS. Ne tardez pas \u00e0 r\u00e9server pour une exp\u00e9rience inoubliable !\" \/>\n<meta property=\"og:url\" content=\"https:\/\/www.location-appartement-colomiers.com\/index.php\/le-beluga-xl-6p\/\" \/>\n<meta property=\"og:site_name\" content=\"Location Appartement \u00e0 Colomiers - Court S\u00e9jour \u00e0 Proximit\u00e9 de Toulouse\" \/>\n<meta property=\"article:modified_time\" content=\"2024-01-06T17:13:54+00:00\" \/>\n<meta name=\"twitter:card\" content=\"summary_large_image\" \/>\n<script type=\"application\/ld+json\" class=\"yoast-schema-graph\">{\"@context\":\"https:\/\/schema.org\",\"@graph\":[{\"@type\":\"WebPage\",\"@id\":\"https:\/\/www.location-appartement-colomiers.com\/index.php\/le-beluga-xl-6p\/\",\"url\":\"https:\/\/www.location-appartement-colomiers.com\/index.php\/le-beluga-xl-6p\/\",\"name\":\"- Location Appartement \u00e0 Colomiers - Court S\u00e9jour \u00e0 Proximit\u00e9 de Toulouse\",\"isPartOf\":{\"@id\":\"https:\/\/www.location-appartement-colomiers.com\/#website\"},\"datePublished\":\"2024-01-06T12:30:52+00:00\",\"dateModified\":\"2024-01-06T17:13:54+00:00\",\"description\":\"Envie de r\u00e9server un logement \u00e0 Toulouse ? Je suis l\u00e0 pour vous offrir une solution : un grand appartement spacieux, paisible et \u00e9quip\u00e9, nich\u00e9 dans une r\u00e9sidence s\u00e9curis\u00e9e. Vous serez en proximit\u00e9 des commerces et restaurants. Que ce soit pour une escapade de plaisir ou un s\u00e9jour professionnel, cet emplacement est id\u00e9al pour explorer facilement la ville rose et rayonner autour de la zone industrielle d\u2019AIRBUS. Ne tardez pas \u00e0 r\u00e9server pour une exp\u00e9rience inoubliable !\",\"inLanguage\":\"fr-FR\",\"potentialAction\":[{\"@type\":\"ReadAction\",\"target\":[\"https:\/\/www.location-appartement-colomiers.com\/index.php\/le-beluga-xl-6p\/\"]}]},{\"@type\":\"WebSite\",\"@id\":\"https:\/\/www.location-appartement-colomiers.com\/#website\",\"url\":\"https:\/\/www.location-appartement-colomiers.com\/\",\"name\":\"Location Appartement \u00e0 Colomiers - Court S\u00e9jour \u00e0 Proximit\u00e9 de Toulouse\",\"description\":\"Envie de r\u00e9server un logement \u00e0 Toulouse ? Je suis l\u00e0 pour vous offrir une solution : 2 appartements calme et spacieux rien que pour vous. Le plus difficile sera de choisir..\",\"potentialAction\":[{\"@type\":\"SearchAction\",\"target\":{\"@type\":\"EntryPoint\",\"urlTemplate\":\"https:\/\/www.location-appartement-colomiers.com\/?s={search_term_string}\"},\"query-input\":\"required name=search_term_string\"}],\"inLanguage\":\"fr-FR\"}]}<\/script>\n<!-- \/ Yoast SEO plugin. -->","yoast_head_json":{"title":"- Location Appartement \u00e0 Colomiers - Court S\u00e9jour \u00e0 Proximit\u00e9 de Toulouse","description":"Envie de r\u00e9server un logement \u00e0 Toulouse ? Je suis l\u00e0 pour vous offrir une solution : un grand appartement spacieux, paisible et \u00e9quip\u00e9, nich\u00e9 dans une r\u00e9sidence s\u00e9curis\u00e9e. Vous serez en proximit\u00e9 des commerces et restaurants. Que ce soit pour une escapade de plaisir ou un s\u00e9jour professionnel, cet emplacement est id\u00e9al pour explorer facilement la ville rose et rayonner autour de la zone industrielle d\u2019AIRBUS. Ne tardez pas \u00e0 r\u00e9server pour une exp\u00e9rience inoubliable !","robots":{"index":"index","follow":"follow","max-snippet":"max-snippet:-1","max-image-preview":"max-image-preview:large","max-video-preview":"max-video-preview:-1"},"canonical":"https:\/\/www.location-appartement-colomiers.com\/index.php\/le-beluga-xl-6p\/","og_locale":"fr_FR","og_type":"article","og_title":"- Location Appartement \u00e0 Colomiers - Court S\u00e9jour \u00e0 Proximit\u00e9 de Toulouse","og_description":"Envie de r\u00e9server un logement \u00e0 Toulouse ? Je suis l\u00e0 pour vous offrir une solution : un grand appartement spacieux, paisible et \u00e9quip\u00e9, nich\u00e9 dans une r\u00e9sidence s\u00e9curis\u00e9e. Vous serez en proximit\u00e9 des commerces et restaurants. Que ce soit pour une escapade de plaisir ou un s\u00e9jour professionnel, cet emplacement est id\u00e9al pour explorer facilement la ville rose et rayonner autour de la zone industrielle d\u2019AIRBUS. Ne tardez pas \u00e0 r\u00e9server pour une exp\u00e9rience inoubliable !","og_url":"https:\/\/www.location-appartement-colomiers.com\/index.php\/le-beluga-xl-6p\/","og_site_name":"Location Appartement \u00e0 Colomiers - Court S\u00e9jour \u00e0 Proximit\u00e9 de Toulouse","article_modified_time":"2024-01-06T17:13:54+00:00","twitter_card":"summary_large_image","schema":{"@context":"https:\/\/schema.org","@graph":[{"@type":"WebPage","@id":"https:\/\/www.location-appartement-colomiers.com\/index.php\/le-beluga-xl-6p\/","url":"https:\/\/www.location-appartement-colomiers.com\/index.php\/le-beluga-xl-6p\/","name":"- Location Appartement \u00e0 Colomiers - Court S\u00e9jour \u00e0 Proximit\u00e9 de Toulouse","isPartOf":{"@id":"https:\/\/www.location-appartement-colomiers.com\/#website"},"datePublished":"2024-01-06T12:30:52+00:00","dateModified":"2024-01-06T17:13:54+00:00","description":"Envie de r\u00e9server un logement \u00e0 Toulouse ? Je suis l\u00e0 pour vous offrir une solution : un grand appartement spacieux, paisible et \u00e9quip\u00e9, nich\u00e9 dans une r\u00e9sidence s\u00e9curis\u00e9e. Vous serez en proximit\u00e9 des commerces et restaurants. Que ce soit pour une escapade de plaisir ou un s\u00e9jour professionnel, cet emplacement est id\u00e9al pour explorer facilement la ville rose et rayonner autour de la zone industrielle d\u2019AIRBUS. Ne tardez pas \u00e0 r\u00e9server pour une exp\u00e9rience inoubliable !","inLanguage":"fr-FR","potentialAction":[{"@type":"ReadAction","target":["https:\/\/www.location-appartement-colomiers.com\/index.php\/le-beluga-xl-6p\/"]}]},{"@type":"WebSite","@id":"https:\/\/www.location-appartement-colomiers.com\/#website","url":"https:\/\/www.location-appartement-colomiers.com\/","name":"Location Appartement \u00e0 Colomiers - Court S\u00e9jour \u00e0 Proximit\u00e9 de Toulouse","description":"Envie de r\u00e9server un logement \u00e0 Toulouse ? Je suis l\u00e0 pour vous offrir une solution : 2 appartements calme et spacieux rien que pour vous. Le plus difficile sera de choisir..","potentialAction":[{"@type":"SearchAction","target":{"@type":"EntryPoint","urlTemplate":"https:\/\/www.location-appartement-colomiers.com\/?s={search_term_string}"},"query-input":"required name=search_term_string"}],"inLanguage":"fr-FR"}]}},"_links":{"self":[{"href":"https:\/\/www.location-appartement-colomiers.com\/index.php\/wp-json\/wp\/v2\/pages\/449"}],"collection":[{"href":"https:\/\/www.location-appartement-colomiers.com\/index.php\/wp-json\/wp\/v2\/pages"}],"about":[{"href":"https:\/\/www.location-appartement-colomiers.com\/index.php\/wp-json\/wp\/v2\/types\/page"}],"author":[{"embeddable":true,"href":"https:\/\/www.location-appartement-colomiers.com\/index.php\/wp-json\/wp\/v2\/users\/1"}],"replies":[{"embeddable":true,"href":"https:\/\/www.location-appartement-colomiers.com\/index.php\/wp-json\/wp\/v2\/comments?post=449"}],"version-history":[{"count":14,"href":"https:\/\/www.location-appartement-colomiers.com\/index.php\/wp-json\/wp\/v2\/pages\/449\/revisions"}],"predecessor-version":[{"id":492,"href":"https:\/\/www.location-appartement-colomiers.com\/index.php\/wp-json\/wp\/v2\/pages\/449\/revisions\/492"}],"wp:attachment":[{"href":"https:\/\/www.location-appartement-colomiers.com\/index.php\/wp-json\/wp\/v2\/media?parent=449"}],"curies":[{"name":"wp","href":"https:\/\/api.w.org\/{rel}","templated":true}]}}