{"id":420,"date":"2023-05-07T15:39:06","date_gmt":"2023-05-07T13:39:06","guid":{"rendered":"https:\/\/www.location-appartement-colomiers.com\/?page_id=420"},"modified":"2023-05-07T15:54:37","modified_gmt":"2023-05-07T13:54:37","slug":"avis-des-voyageurs","status":"publish","type":"page","link":"https:\/\/www.location-appartement-colomiers.com\/index.php\/avis-des-voyageurs\/","title":{"rendered":"Avis des voyageurs"},"content":{"rendered":"\n<p class=\"has-drop-cap has-text-align-center\">Bienvenue sur la page des avis des voyageurs &#8211; Oui, notre appartement en location courte dur\u00e9e est vraiment aussi cool que tout le monde le dit ! Mais ne nous croyez pas sur parole &#8211; consultez les avis des voyageurs pour d\u00e9couvrir ce que nos clients ont vraiment pens\u00e9 de leur s\u00e9jour. Nous ne pouvons pas vous promettre des licornes volantes ou des massages gratuits (nous ne sommes pas des magiciens, malheureusement), mais nous pouvons vous garantir un h\u00e9bergement confortable, propre et \u00e9l\u00e9gant dans un quartier anim\u00e9 et dynamique. Vous ne nous croyez toujours pas ? Lisez les commentaires des voyageurs et laissez-nous vous convaincre que notre appartement est le meilleur choix pour votre prochain s\u00e9jour en ville.<\/p>\n\n\n\n<figure class=\"wp-block-image size-full is-style-default\"><img loading=\"lazy\" decoding=\"async\" width=\"335\" height=\"150\" src=\"https:\/\/www.location-appartement-colomiers.com\/wp-content\/uploads\/2023\/05\/telechargemesdfdgnt.png\" alt=\"\" class=\"wp-image-421\" srcset=\"https:\/\/www.location-appartement-colomiers.com\/wp-content\/uploads\/2023\/05\/telechargemesdfdgnt.png 335w, https:\/\/www.location-appartement-colomiers.com\/wp-content\/uploads\/2023\/05\/telechargemesdfdgnt-300x134.png 300w\" sizes=\"(max-width: 335px) 100vw, 335px\" \/><\/figure>\n\n\n\n<p class=\"has-text-align-center\">Nous sommes ravis de partager les avis de nos pr\u00e9c\u00e9dents locataires de Airbnb avec vous ! Nos clients ont appr\u00e9ci\u00e9 la propret\u00e9 et le confort de notre h\u00e9bergement, ainsi que son emplacement pratique dans la ville.  Nous sommes reconnaissants pour chaque commentaire que nous avons re\u00e7u et nous nous effor\u00e7ons constamment d&rsquo;am\u00e9liorer notre service. N&rsquo;h\u00e9sitez pas \u00e0 parcourir les avis pour voir ce que les autres voyageurs ont pens\u00e9 de leur s\u00e9jour et pour vous faire une id\u00e9e de la qualit\u00e9 de notre h\u00e9bergement<\/p>\n\n\n\n<figure class=\"wp-block-image size-full\"><img loading=\"lazy\" decoding=\"async\" width=\"687\" height=\"919\" src=\"https:\/\/www.location-appartement-colomiers.com\/wp-content\/uploads\/2023\/05\/Airbnb-1.png\" alt=\"\" class=\"wp-image-422\" srcset=\"https:\/\/www.location-appartement-colomiers.com\/wp-content\/uploads\/2023\/05\/Airbnb-1.png 687w, https:\/\/www.location-appartement-colomiers.com\/wp-content\/uploads\/2023\/05\/Airbnb-1-224x300.png 224w, https:\/\/www.location-appartement-colomiers.com\/wp-content\/uploads\/2023\/05\/Airbnb-1-676x904.png 676w\" sizes=\"(max-width: 687px) 100vw, 687px\" \/><\/figure>\n\n\n\n<figure class=\"wp-block-image size-full\"><img loading=\"lazy\" decoding=\"async\" width=\"304\" height=\"166\" src=\"https:\/\/www.location-appartement-colomiers.com\/wp-content\/uploads\/2023\/05\/telechargement-1.png\" alt=\"\" class=\"wp-image-427\" srcset=\"https:\/\/www.location-appartement-colomiers.com\/wp-content\/uploads\/2023\/05\/telechargement-1.png 304w, https:\/\/www.location-appartement-colomiers.com\/wp-content\/uploads\/2023\/05\/telechargement-1-300x164.png 300w\" sizes=\"(max-width: 304px) 100vw, 304px\" \/><\/figure>\n\n\n\n<p class=\"has-text-align-center\">Nous sommes ravis de partager les commentaires de nos clients de Booking avec vous ! Nos locataires ont lou\u00e9 la qualit\u00e9 de notre service et ont appr\u00e9ci\u00e9 la propret\u00e9, le confort et la commodit\u00e9 de notre appartement en location courte dur\u00e9e. Nous sommes impatients de vous accueillir bient\u00f4t dans notre appartement et de vous faire vivre une exp\u00e9rience de voyage exceptionnelle. Consultez les commentaires pour voir ce que les autres voyageurs ont pens\u00e9 de leur s\u00e9jour et pour vous faire une id\u00e9e de la qualit\u00e9 de notre h\u00e9bergement.<\/p>\n\n\n\n<figure class=\"wp-block-image size-full is-resized\"><img loading=\"lazy\" decoding=\"async\" src=\"https:\/\/www.location-appartement-colomiers.com\/wp-content\/uploads\/2023\/05\/booking1.png\" alt=\"\" class=\"wp-image-423\" width=\"676\" height=\"228\" srcset=\"https:\/\/www.location-appartement-colomiers.com\/wp-content\/uploads\/2023\/05\/booking1.png 888w, https:\/\/www.location-appartement-colomiers.com\/wp-content\/uploads\/2023\/05\/booking1-300x101.png 300w, https:\/\/www.location-appartement-colomiers.com\/wp-content\/uploads\/2023\/05\/booking1-768x259.png 768w, https:\/\/www.location-appartement-colomiers.com\/wp-content\/uploads\/2023\/05\/booking1-676x228.png 676w\" sizes=\"(max-width: 676px) 100vw, 676px\" \/><\/figure>\n\n\n\n<figure class=\"wp-block-image size-full\"><img loading=\"lazy\" decoding=\"async\" width=\"885\" height=\"917\" src=\"https:\/\/www.location-appartement-colomiers.com\/wp-content\/uploads\/2023\/05\/booking2.png\" alt=\"\" class=\"wp-image-424\" srcset=\"https:\/\/www.location-appartement-colomiers.com\/wp-content\/uploads\/2023\/05\/booking2.png 885w, https:\/\/www.location-appartement-colomiers.com\/wp-content\/uploads\/2023\/05\/booking2-290x300.png 290w, https:\/\/www.location-appartement-colomiers.com\/wp-content\/uploads\/2023\/05\/booking2-768x796.png 768w, https:\/\/www.location-appartement-colomiers.com\/wp-content\/uploads\/2023\/05\/booking2-676x700.png 676w\" sizes=\"(max-width: 885px) 100vw, 885px\" \/><\/figure>\n\n\n\n<figure class=\"wp-block-image size-full\"><img loading=\"lazy\" decoding=\"async\" width=\"885\" height=\"929\" src=\"https:\/\/www.location-appartement-colomiers.com\/wp-content\/uploads\/2023\/05\/booking3.png\" alt=\"\" class=\"wp-image-425\" srcset=\"https:\/\/www.location-appartement-colomiers.com\/wp-content\/uploads\/2023\/05\/booking3.png 885w, https:\/\/www.location-appartement-colomiers.com\/wp-content\/uploads\/2023\/05\/booking3-286x300.png 286w, https:\/\/www.location-appartement-colomiers.com\/wp-content\/uploads\/2023\/05\/booking3-768x806.png 768w, https:\/\/www.location-appartement-colomiers.com\/wp-content\/uploads\/2023\/05\/booking3-676x710.png 676w\" sizes=\"(max-width: 885px) 100vw, 885px\" \/><\/figure>\n\n\n\n<figure class=\"wp-block-image size-full\"><img loading=\"lazy\" decoding=\"async\" width=\"893\" height=\"282\" src=\"https:\/\/www.location-appartement-colomiers.com\/wp-content\/uploads\/2023\/05\/booking4.png\" alt=\"\" class=\"wp-image-426\" srcset=\"https:\/\/www.location-appartement-colomiers.com\/wp-content\/uploads\/2023\/05\/booking4.png 893w, https:\/\/www.location-appartement-colomiers.com\/wp-content\/uploads\/2023\/05\/booking4-300x95.png 300w, https:\/\/www.location-appartement-colomiers.com\/wp-content\/uploads\/2023\/05\/booking4-768x243.png 768w, https:\/\/www.location-appartement-colomiers.com\/wp-content\/uploads\/2023\/05\/booking4-676x213.png 676w\" sizes=\"(max-width: 893px) 100vw, 893px\" \/><\/figure>\n","protected":false},"excerpt":{"rendered":"<p>Bienvenue sur la page des avis des voyageurs &#8211; Oui, notre appartement en location courte dur\u00e9e est vraiment aussi cool que tout le monde le dit ! Mais ne nous croyez pas sur parole &#8211; consultez les avis des voyageurs pour d\u00e9couvrir ce que nos clients ont vraiment pens\u00e9 de leur s\u00e9jour. Nous ne pouvons [&hellip;]<\/p>\n","protected":false},"author":1,"featured_media":0,"parent":0,"menu_order":0,"comment_status":"closed","ping_status":"closed","template":"","meta":{"footnotes":""},"yoast_head":"<!-- This site is optimized with the Yoast SEO plugin v22.5 - https:\/\/yoast.com\/wordpress\/plugins\/seo\/ -->\n<title>Avis des voyageurs - Location Appartement \u00e0 Colomiers - Court S\u00e9jour \u00e0 Proximit\u00e9 de Toulouse<\/title>\n<meta name=\"description\" content=\"Avis appartement Le Beluga \u00e0 Colomiers - Oui, notre appartement en location courte dur\u00e9e est vraiment aussi cool que tout le monde le dit ! Mais ne nous croyez pas sur parole - consultez les avis des voyageurs pour d\u00e9couvrir ce que nos clients ont vraiment pens\u00e9 de leur s\u00e9jour. Nous ne pouvons pas vous promettre des licornes volantes ou des massages gratuits (nous ne sommes pas des magiciens, malheureusement), mais nous pouvons vous garantir un h\u00e9bergement confortable, propre et \u00e9l\u00e9gant dans un quartier anim\u00e9 et dynamique. Vous ne nous croyez toujours pas ? Lisez les commentaires des voyageurs et laissez-nous vous convaincre que notre appartement est le meilleur choix pour votre prochain s\u00e9jour en ville.\" \/>\n<meta name=\"robots\" content=\"index, follow, max-snippet:-1, max-image-preview:large, max-video-preview:-1\" \/>\n<link rel=\"canonical\" href=\"https:\/\/www.location-appartement-colomiers.com\/index.php\/avis-des-voyageurs\/\" \/>\n<meta property=\"og:locale\" content=\"fr_FR\" \/>\n<meta property=\"og:type\" content=\"article\" \/>\n<meta property=\"og:title\" content=\"Avis des voyageurs - Location Appartement \u00e0 Colomiers - Court S\u00e9jour \u00e0 Proximit\u00e9 de Toulouse\" \/>\n<meta property=\"og:description\" content=\"Avis appartement Le Beluga \u00e0 Colomiers - Oui, notre appartement en location courte dur\u00e9e est vraiment aussi cool que tout le monde le dit ! Mais ne nous croyez pas sur parole - consultez les avis des voyageurs pour d\u00e9couvrir ce que nos clients ont vraiment pens\u00e9 de leur s\u00e9jour. Nous ne pouvons pas vous promettre des licornes volantes ou des massages gratuits (nous ne sommes pas des magiciens, malheureusement), mais nous pouvons vous garantir un h\u00e9bergement confortable, propre et \u00e9l\u00e9gant dans un quartier anim\u00e9 et dynamique. Vous ne nous croyez toujours pas ? Lisez les commentaires des voyageurs et laissez-nous vous convaincre que notre appartement est le meilleur choix pour votre prochain s\u00e9jour en ville.\" \/>\n<meta property=\"og:url\" content=\"https:\/\/www.location-appartement-colomiers.com\/index.php\/avis-des-voyageurs\/\" \/>\n<meta property=\"og:site_name\" content=\"Location Appartement \u00e0 Colomiers - Court S\u00e9jour \u00e0 Proximit\u00e9 de Toulouse\" \/>\n<meta property=\"article:modified_time\" content=\"2023-05-07T13:54:37+00:00\" \/>\n<meta property=\"og:image\" content=\"https:\/\/www.location-appartement-colomiers.com\/wp-content\/uploads\/2023\/05\/telechargemesdfdgnt.png\" \/>\n<meta name=\"twitter:card\" content=\"summary_large_image\" \/>\n<meta name=\"twitter:label1\" content=\"Dur\u00e9e de lecture estim\u00e9e\" \/>\n\t<meta name=\"twitter:data1\" content=\"3 minutes\" \/>\n<script type=\"application\/ld+json\" class=\"yoast-schema-graph\">{\"@context\":\"https:\/\/schema.org\",\"@graph\":[{\"@type\":\"WebPage\",\"@id\":\"https:\/\/www.location-appartement-colomiers.com\/index.php\/avis-des-voyageurs\/\",\"url\":\"https:\/\/www.location-appartement-colomiers.com\/index.php\/avis-des-voyageurs\/\",\"name\":\"Avis des voyageurs - Location Appartement \u00e0 Colomiers - Court S\u00e9jour \u00e0 Proximit\u00e9 de Toulouse\",\"isPartOf\":{\"@id\":\"https:\/\/www.location-appartement-colomiers.com\/#website\"},\"primaryImageOfPage\":{\"@id\":\"https:\/\/www.location-appartement-colomiers.com\/index.php\/avis-des-voyageurs\/#primaryimage\"},\"image\":{\"@id\":\"https:\/\/www.location-appartement-colomiers.com\/index.php\/avis-des-voyageurs\/#primaryimage\"},\"thumbnailUrl\":\"https:\/\/www.location-appartement-colomiers.com\/wp-content\/uploads\/2023\/05\/telechargemesdfdgnt.png\",\"datePublished\":\"2023-05-07T13:39:06+00:00\",\"dateModified\":\"2023-05-07T13:54:37+00:00\",\"description\":\"Avis appartement Le Beluga \u00e0 Colomiers - Oui, notre appartement en location courte dur\u00e9e est vraiment aussi cool que tout le monde le dit ! Mais ne nous croyez pas sur parole - consultez les avis des voyageurs pour d\u00e9couvrir ce que nos clients ont vraiment pens\u00e9 de leur s\u00e9jour. Nous ne pouvons pas vous promettre des licornes volantes ou des massages gratuits (nous ne sommes pas des magiciens, malheureusement), mais nous pouvons vous garantir un h\u00e9bergement confortable, propre et \u00e9l\u00e9gant dans un quartier anim\u00e9 et dynamique. Vous ne nous croyez toujours pas ? Lisez les commentaires des voyageurs et laissez-nous vous convaincre que notre appartement est le meilleur choix pour votre prochain s\u00e9jour en ville.\",\"breadcrumb\":{\"@id\":\"https:\/\/www.location-appartement-colomiers.com\/index.php\/avis-des-voyageurs\/#breadcrumb\"},\"inLanguage\":\"fr-FR\",\"potentialAction\":[{\"@type\":\"ReadAction\",\"target\":[\"https:\/\/www.location-appartement-colomiers.com\/index.php\/avis-des-voyageurs\/\"]}]},{\"@type\":\"ImageObject\",\"inLanguage\":\"fr-FR\",\"@id\":\"https:\/\/www.location-appartement-colomiers.com\/index.php\/avis-des-voyageurs\/#primaryimage\",\"url\":\"https:\/\/www.location-appartement-colomiers.com\/wp-content\/uploads\/2023\/05\/telechargemesdfdgnt.png\",\"contentUrl\":\"https:\/\/www.location-appartement-colomiers.com\/wp-content\/uploads\/2023\/05\/telechargemesdfdgnt.png\",\"width\":335,\"height\":150},{\"@type\":\"BreadcrumbList\",\"@id\":\"https:\/\/www.location-appartement-colomiers.com\/index.php\/avis-des-voyageurs\/#breadcrumb\",\"itemListElement\":[{\"@type\":\"ListItem\",\"position\":1,\"name\":\"Accueil\",\"item\":\"https:\/\/www.location-appartement-colomiers.com\/\"},{\"@type\":\"ListItem\",\"position\":2,\"name\":\"Avis des voyageurs\"}]},{\"@type\":\"WebSite\",\"@id\":\"https:\/\/www.location-appartement-colomiers.com\/#website\",\"url\":\"https:\/\/www.location-appartement-colomiers.com\/\",\"name\":\"Location Appartement \u00e0 Colomiers - Court S\u00e9jour \u00e0 Proximit\u00e9 de Toulouse\",\"description\":\"Envie de r\u00e9server un logement \u00e0 Toulouse ? Je suis l\u00e0 pour vous offrir une solution : 2 appartements calme et spacieux rien que pour vous. Le plus difficile sera de choisir..\",\"potentialAction\":[{\"@type\":\"SearchAction\",\"target\":{\"@type\":\"EntryPoint\",\"urlTemplate\":\"https:\/\/www.location-appartement-colomiers.com\/?s={search_term_string}\"},\"query-input\":\"required name=search_term_string\"}],\"inLanguage\":\"fr-FR\"}]}<\/script>\n<!-- \/ Yoast SEO plugin. -->","yoast_head_json":{"title":"Avis des voyageurs - Location Appartement \u00e0 Colomiers - Court S\u00e9jour \u00e0 Proximit\u00e9 de Toulouse","description":"Avis appartement Le Beluga \u00e0 Colomiers - Oui, notre appartement en location courte dur\u00e9e est vraiment aussi cool que tout le monde le dit ! Mais ne nous croyez pas sur parole - consultez les avis des voyageurs pour d\u00e9couvrir ce que nos clients ont vraiment pens\u00e9 de leur s\u00e9jour. Nous ne pouvons pas vous promettre des licornes volantes ou des massages gratuits (nous ne sommes pas des magiciens, malheureusement), mais nous pouvons vous garantir un h\u00e9bergement confortable, propre et \u00e9l\u00e9gant dans un quartier anim\u00e9 et dynamique. Vous ne nous croyez toujours pas ? Lisez les commentaires des voyageurs et laissez-nous vous convaincre que notre appartement est le meilleur choix pour votre prochain s\u00e9jour en ville.","robots":{"index":"index","follow":"follow","max-snippet":"max-snippet:-1","max-image-preview":"max-image-preview:large","max-video-preview":"max-video-preview:-1"},"canonical":"https:\/\/www.location-appartement-colomiers.com\/index.php\/avis-des-voyageurs\/","og_locale":"fr_FR","og_type":"article","og_title":"Avis des voyageurs - Location Appartement \u00e0 Colomiers - Court S\u00e9jour \u00e0 Proximit\u00e9 de Toulouse","og_description":"Avis appartement Le Beluga \u00e0 Colomiers - Oui, notre appartement en location courte dur\u00e9e est vraiment aussi cool que tout le monde le dit ! Mais ne nous croyez pas sur parole - consultez les avis des voyageurs pour d\u00e9couvrir ce que nos clients ont vraiment pens\u00e9 de leur s\u00e9jour. Nous ne pouvons pas vous promettre des licornes volantes ou des massages gratuits (nous ne sommes pas des magiciens, malheureusement), mais nous pouvons vous garantir un h\u00e9bergement confortable, propre et \u00e9l\u00e9gant dans un quartier anim\u00e9 et dynamique. Vous ne nous croyez toujours pas ? Lisez les commentaires des voyageurs et laissez-nous vous convaincre que notre appartement est le meilleur choix pour votre prochain s\u00e9jour en ville.","og_url":"https:\/\/www.location-appartement-colomiers.com\/index.php\/avis-des-voyageurs\/","og_site_name":"Location Appartement \u00e0 Colomiers - Court S\u00e9jour \u00e0 Proximit\u00e9 de Toulouse","article_modified_time":"2023-05-07T13:54:37+00:00","og_image":[{"url":"https:\/\/www.location-appartement-colomiers.com\/wp-content\/uploads\/2023\/05\/telechargemesdfdgnt.png"}],"twitter_card":"summary_large_image","twitter_misc":{"Dur\u00e9e de lecture estim\u00e9e":"3 minutes"},"schema":{"@context":"https:\/\/schema.org","@graph":[{"@type":"WebPage","@id":"https:\/\/www.location-appartement-colomiers.com\/index.php\/avis-des-voyageurs\/","url":"https:\/\/www.location-appartement-colomiers.com\/index.php\/avis-des-voyageurs\/","name":"Avis des voyageurs - Location Appartement \u00e0 Colomiers - Court S\u00e9jour \u00e0 Proximit\u00e9 de Toulouse","isPartOf":{"@id":"https:\/\/www.location-appartement-colomiers.com\/#website"},"primaryImageOfPage":{"@id":"https:\/\/www.location-appartement-colomiers.com\/index.php\/avis-des-voyageurs\/#primaryimage"},"image":{"@id":"https:\/\/www.location-appartement-colomiers.com\/index.php\/avis-des-voyageurs\/#primaryimage"},"thumbnailUrl":"https:\/\/www.location-appartement-colomiers.com\/wp-content\/uploads\/2023\/05\/telechargemesdfdgnt.png","datePublished":"2023-05-07T13:39:06+00:00","dateModified":"2023-05-07T13:54:37+00:00","description":"Avis appartement Le Beluga \u00e0 Colomiers - Oui, notre appartement en location courte dur\u00e9e est vraiment aussi cool que tout le monde le dit ! Mais ne nous croyez pas sur parole - consultez les avis des voyageurs pour d\u00e9couvrir ce que nos clients ont vraiment pens\u00e9 de leur s\u00e9jour. Nous ne pouvons pas vous promettre des licornes volantes ou des massages gratuits (nous ne sommes pas des magiciens, malheureusement), mais nous pouvons vous garantir un h\u00e9bergement confortable, propre et \u00e9l\u00e9gant dans un quartier anim\u00e9 et dynamique. Vous ne nous croyez toujours pas ? Lisez les commentaires des voyageurs et laissez-nous vous convaincre que notre appartement est le meilleur choix pour votre prochain s\u00e9jour en ville.","breadcrumb":{"@id":"https:\/\/www.location-appartement-colomiers.com\/index.php\/avis-des-voyageurs\/#breadcrumb"},"inLanguage":"fr-FR","potentialAction":[{"@type":"ReadAction","target":["https:\/\/www.location-appartement-colomiers.com\/index.php\/avis-des-voyageurs\/"]}]},{"@type":"ImageObject","inLanguage":"fr-FR","@id":"https:\/\/www.location-appartement-colomiers.com\/index.php\/avis-des-voyageurs\/#primaryimage","url":"https:\/\/www.location-appartement-colomiers.com\/wp-content\/uploads\/2023\/05\/telechargemesdfdgnt.png","contentUrl":"https:\/\/www.location-appartement-colomiers.com\/wp-content\/uploads\/2023\/05\/telechargemesdfdgnt.png","width":335,"height":150},{"@type":"BreadcrumbList","@id":"https:\/\/www.location-appartement-colomiers.com\/index.php\/avis-des-voyageurs\/#breadcrumb","itemListElement":[{"@type":"ListItem","position":1,"name":"Accueil","item":"https:\/\/www.location-appartement-colomiers.com\/"},{"@type":"ListItem","position":2,"name":"Avis des voyageurs"}]},{"@type":"WebSite","@id":"https:\/\/www.location-appartement-colomiers.com\/#website","url":"https:\/\/www.location-appartement-colomiers.com\/","name":"Location Appartement \u00e0 Colomiers - Court S\u00e9jour \u00e0 Proximit\u00e9 de Toulouse","description":"Envie de r\u00e9server un logement \u00e0 Toulouse ? Je suis l\u00e0 pour vous offrir une solution : 2 appartements calme et spacieux rien que pour vous. Le plus difficile sera de choisir..","potentialAction":[{"@type":"SearchAction","target":{"@type":"EntryPoint","urlTemplate":"https:\/\/www.location-appartement-colomiers.com\/?s={search_term_string}"},"query-input":"required name=search_term_string"}],"inLanguage":"fr-FR"}]}},"_links":{"self":[{"href":"https:\/\/www.location-appartement-colomiers.com\/index.php\/wp-json\/wp\/v2\/pages\/420"}],"collection":[{"href":"https:\/\/www.location-appartement-colomiers.com\/index.php\/wp-json\/wp\/v2\/pages"}],"about":[{"href":"https:\/\/www.location-appartement-colomiers.com\/index.php\/wp-json\/wp\/v2\/types\/page"}],"author":[{"embeddable":true,"href":"https:\/\/www.location-appartement-colomiers.com\/index.php\/wp-json\/wp\/v2\/users\/1"}],"replies":[{"embeddable":true,"href":"https:\/\/www.location-appartement-colomiers.com\/index.php\/wp-json\/wp\/v2\/comments?post=420"}],"version-history":[{"count":5,"href":"https:\/\/www.location-appartement-colomiers.com\/index.php\/wp-json\/wp\/v2\/pages\/420\/revisions"}],"predecessor-version":[{"id":443,"href":"https:\/\/www.location-appartement-colomiers.com\/index.php\/wp-json\/wp\/v2\/pages\/420\/revisions\/443"}],"wp:attachment":[{"href":"https:\/\/www.location-appartement-colomiers.com\/index.php\/wp-json\/wp\/v2\/media?parent=420"}],"curies":[{"name":"wp","href":"https:\/\/api.w.org\/{rel}","templated":true}]}}