{"id":23,"date":"2021-10-31T21:06:08","date_gmt":"2021-10-31T20:06:08","guid":{"rendered":"http:\/\/ibwwhbc.cluster029.hosting.ovh.net\/?page_id=23"},"modified":"2024-01-06T18:01:46","modified_gmt":"2024-01-06T17:01:46","slug":"location-appartement-colomiers","status":"publish","type":"page","link":"https:\/\/www.location-appartement-colomiers.com\/","title":{"rendered":"Location Appartement Colomiers"},"content":{"rendered":"\t\t<div data-elementor-type=\"wp-page\" data-elementor-id=\"23\" class=\"elementor elementor-23\">\n\t\t\t\t\t\t\t\t\t<section class=\"elementor-section elementor-top-section elementor-element elementor-element-3457726f elementor-section-full_width elementor-section-stretched elementor-section-height-default elementor-section-height-default\" data-id=\"3457726f\" data-element_type=\"section\" data-settings=\"{&quot;stretch_section&quot;:&quot;section-stretched&quot;}\">\n\t\t\t\t\t\t<div class=\"elementor-container elementor-column-gap-default\">\n\t\t\t\t\t<div class=\"elementor-column elementor-col-100 elementor-top-column elementor-element elementor-element-6f533f9c\" data-id=\"6f533f9c\" data-element_type=\"column\">\n\t\t\t<div class=\"elementor-widget-wrap elementor-element-populated\">\n\t\t\t\t\t\t\t\t<div class=\"elementor-element elementor-element-65267558 elementor-widget elementor-widget-text-editor\" data-id=\"65267558\" data-element_type=\"widget\" data-widget_type=\"text-editor.default\">\n\t\t\t\t<div class=\"elementor-widget-container\">\n\t\t\t<style>\/*! elementor - v3.10.2 - 29-01-2023 *\/\n.elementor-widget-text-editor.elementor-drop-cap-view-stacked .elementor-drop-cap{background-color:#818a91;color:#fff}.elementor-widget-text-editor.elementor-drop-cap-view-framed .elementor-drop-cap{color:#818a91;border:3px solid;background-color:transparent}.elementor-widget-text-editor:not(.elementor-drop-cap-view-default) .elementor-drop-cap{margin-top:8px}.elementor-widget-text-editor:not(.elementor-drop-cap-view-default) .elementor-drop-cap-letter{width:1em;height:1em}.elementor-widget-text-editor .elementor-drop-cap{float:left;text-align:center;line-height:1;font-size:50px}.elementor-widget-text-editor .elementor-drop-cap-letter{display:inline-block}<\/style>\t\t\t\t<p><!-- wp:paragraph --><\/p>\n<p>Plongez dans une exp\u00e9rience toulousaine incomparable en choisissant l&rsquo;un de nos deux appartements uniques \u00e0 Colomiers !<\/p>\n<p><!-- \/wp:paragraph --><\/p>\n<p><!-- wp:image {\"align\":\"right\",\"id\":26,\"sizeSlug\":\"large\",\"linkDestination\":\"none\"} --><\/p>\n<figure class=\"wp-block-image alignright size-large\"><img loading=\"lazy\" decoding=\"async\" width=\"1024\" height=\"674\" src=\"http:\/\/ibwwhbc.cluster029.hosting.ovh.net\/wp-content\/uploads\/2021\/10\/Photo-Toulouse-credit-Toulouse-Evenements_1-1-1024x674.jpg\" alt=\"\" class=\"wp-image-26\" srcset=\"https:\/\/www.location-appartement-colomiers.com\/wp-content\/uploads\/2021\/10\/Photo-Toulouse-credit-Toulouse-Evenements_1-1-1024x674.jpg 1024w, https:\/\/www.location-appartement-colomiers.com\/wp-content\/uploads\/2021\/10\/Photo-Toulouse-credit-Toulouse-Evenements_1-1-300x197.jpg 300w, https:\/\/www.location-appartement-colomiers.com\/wp-content\/uploads\/2021\/10\/Photo-Toulouse-credit-Toulouse-Evenements_1-1-768x505.jpg 768w, https:\/\/www.location-appartement-colomiers.com\/wp-content\/uploads\/2021\/10\/Photo-Toulouse-credit-Toulouse-Evenements_1-1-1536x1011.jpg 1536w, https:\/\/www.location-appartement-colomiers.com\/wp-content\/uploads\/2021\/10\/Photo-Toulouse-credit-Toulouse-Evenements_1-1-676x445.jpg 676w, https:\/\/www.location-appartement-colomiers.com\/wp-content\/uploads\/2021\/10\/Photo-Toulouse-credit-Toulouse-Evenements_1-1.jpg 1600w\" sizes=\"(max-width: 1024px) 100vw, 1024px\" \/><\/figure>\n<p><!-- \/wp:image --><\/p>\n<p><!-- wp:paragraph --><\/p>\n<p><strong>Exp\u00e9rience Toulousaine Authentique<\/strong> Que vous optiez pour notre appartement pour 4 ou 6 personnes, vous d\u00e9couvrirez un cocon de confort et de tranquillit\u00e9, id\u00e9alement positionn\u00e9 pour explorer la m\u00e9tropole toulousaine et la zone AIRBUS.<\/p>\n<p><!-- \/wp:paragraph --><\/p>\n<p><!-- wp:paragraph --><\/p>\n<p><strong>Confort Absolu<\/strong> Dans des r\u00e9sidences modernes et s\u00e9curis\u00e9es, profitez de :<\/p>\n<p><!-- \/wp:paragraph --><\/p>\n<p><!-- wp:list --><\/p>\n<ul><!-- wp:list-item --><p><\/p>\n<li>Couchages confortables avec des lits king size (180&#215;200) pour des nuits r\u00e9paratrices<\/li>\n<p><!-- \/wp:list-item --><\/p>\n<p><!-- wp:list-item --><\/p>\n<li>Parkings s\u00e9curis\u00e9s, \u00e9liminant tout tracas de stationnement<\/li>\n<p><!-- \/wp:list-item --><\/p>\n<p><!-- wp:list-item --><\/p>\n<li>Wifi haut d\u00e9bit et cuisines enti\u00e8rement \u00e9quip\u00e9es pour des repas savoureux<\/li>\n<p><!-- \/wp:list-item --><\/p>\n<p><!-- wp:list-item --><\/p>\n<li>Balcons spacieux pour des moments de d\u00e9tente et pour admirer le ciel et les avions<\/li>\n<p><!-- \/wp:list-item --><\/p>\n<p><!-- wp:list-item --><\/p>\n<li>\u00c9quipements complets : TV HD, kit de repassage, climatisation pour un s\u00e9jour sans souci<\/li>\n<p><!-- \/wp:list-item --><\/p><\/ul>\n<p><!-- \/wp:list --><\/p>\n<p><!-- wp:paragraph --><\/p>\n<p><strong>Authenticit\u00e9 Toulousaine<\/strong> D\u00e9couvrez Toulouse autrement avec nos guides exclusifs :<\/p>\n<p><!-- \/wp:paragraph --><\/p>\n<p><!-- wp:list --><\/p>\n<ul><!-- wp:list-item --><p><\/p>\n<li>Circuits p\u00e9destres pour explorer la ville sous un nouvel angle<\/li>\n<p><!-- \/wp:list-item --><\/p>\n<p><!-- wp:list-item --><\/p>\n<li>Meilleurs restaurants pour savourer la gastronomie du Sud-Ouest<\/li>\n<p><!-- \/wp:list-item --><\/p>\n<p><!-- wp:list-item --><\/p>\n<li>Conseils exclusifs pour profiter pleinement de votre s\u00e9jour<\/li>\n<p><!-- \/wp:list-item --><\/p><\/ul>\n<p><!-- \/wp:list --><\/p>\n<p><!-- wp:paragraph --><\/p>\n<p><strong>Localisation Strat\u00e9gique<\/strong> \u00c0 quelques pas d&rsquo;AIRBUS, du 4PADDLE et \u00e0 quelques minutes en voiture du centre de Colomiers, du parc des expositions MEET, et de l&rsquo;a\u00e9roport. Acc\u00e8s rapide au Capitole en 20 minutes.<\/p>\n<p><!-- \/wp:paragraph --><\/p>\n<p><!-- wp:paragraph --><\/p>\n<p>R\u00e9servez d\u00e8s maintenant pour une exp\u00e9rience authentique et m\u00e9morable \u00e0 Toulouse !<\/p>\n<p><!-- \/wp:paragraph --><\/p>\n<p><!-- wp:paragraph --><\/p>\n<p><strong>Informations Pratiques<\/strong> Guide de bienvenue dans votre logement, arriv\u00e9e autonome avec instructions fournies, d\u00e9part avant 11h00.<\/p>\n<p><!-- \/wp:paragraph --><\/p>\n<p><!-- wp:paragraph --><\/p>\n<p><strong>Confort Assur\u00e9<\/strong> S\u00e9curit\u00e9, cuisine \u00e9quip\u00e9e, balcons ext\u00e9rieurs, linge de maison fourni, wifi haut d\u00e9bit, TV HD, lits confortables, canap\u00e9s-lits avec vrais matelas, \u00e9lectrom\u00e9nagers complets, climatisation.<\/p>\n<p><!-- \/wp:paragraph --><\/p>\n<p><!-- wp:paragraph --><\/p>\n<p><strong>Remarques<\/strong> Nous serons ravis de vous accueillir et de vous orienter vers les meilleures adresses pour vos repas et sorties.<\/p>\n<p><!-- \/wp:paragraph --><\/p>\n<p><!-- wp:paragraph --><\/p>\n<p><strong>R\u00e8gles de la Maison<\/strong> Non-fumeur, pas d&rsquo;animaux, pas de f\u00eates, arriv\u00e9e autonome, forfait m\u00e9nage inclus dans le prix, taxe de s\u00e9jour incluse.<\/p>\n<p><!-- \/wp:paragraph --><\/p>\n<p><!-- wp:paragraph --><\/p>\n<p><em>Vivez pleinement l&rsquo;essence de Toulouse en r\u00e9servant d\u00e8s maintenant l&rsquo;un de nos appartements pour un s\u00e9jour unique, o\u00f9 confort, authenticit\u00e9 et d\u00e9couvertes sont au rendez-vous.<\/em><\/p>\n<p><!-- \/wp:paragraph --><\/p>\n<p><!-- wp:group {\"align\":\"full\"} --><\/p>\n<div class=\"wp-block-group alignfull\"><p><!-- wp:columns {\"verticalAlignment\":null} --><\/p>\n<div class=\"wp-block-columns\"><div class=\"wp-block-column is-vertically-aligned-center\" style=\"flex-basis:100%\"><span style=\"font-size: inherit; text-align: inherit; color: var( --e-global-color-text ); font-family: var( --e-global-typography-text-font-family ), Sans-serif; font-weight: var( --e-global-typography-text-font-weight );\">Le bouton \u00ab\u00a0<\/span><a href=\"https:\/\/www.location-appartement-colomiers.com\/index.php\/reserver\/\" target=\"_blank\" rel=\"noreferrer noopener\" style=\"font-size: inherit; text-align: inherit; font-family: var( --e-global-typography-text-font-family ), Sans-serif; font-weight: var( --e-global-typography-text-font-weight );\">Trouver votre logement<\/a><span style=\"font-size: inherit; text-align: inherit; color: var( --e-global-color-text ); font-family: var( --e-global-typography-text-font-family ), Sans-serif; font-weight: var( --e-global-typography-text-font-weight );\">\u00a0\u00bb vous permet de v\u00e9rifier les disponibilit\u00e9s.<\/span><br><\/div><\/div><\/div>\n<p><\/p>\n<p><!-- \/wp:paragraph --><\/p>\n<p><!-- wp:paragraph {\"align\":\"center\"} --><\/p>\n<p class=\"has-text-align-center\">\n<\/p><p>Des questions ? La rubrique \u00ab\u00a0<a href=\"http:\/\/www.location-appartement-colomiers.com\/index.php\/contact\/\">contact<\/a>\u00a0\u00bb est l\u00e0 pour vous.<\/p>\n<p><\/p>\n<p><!-- \/wp:paragraph --><\/p>\n<p><!-- wp:paragraph {\"align\":\"center\"} --><\/p>\n<p class=\"has-text-align-center\">\n<\/p><p>Besoin d&rsquo;en savoir un peu plus sur les transports en commun sur Colomiers et la M\u00e9tropole Toulousaine ? c&rsquo;est par<a href=\"https:\/\/www.tisseo.fr\/plan-interactif\/\"> ici <\/a><\/p>\n<p><\/p>\n<p><!-- \/wp:paragraph --><\/p>\n<p><!-- wp:paragraph --><\/p>\n<p><!-- \/wp:paragraph --><\/p>\t\t\t\t\t\t<\/div>\n\t\t\t\t<\/div>\n\t\t\t\t\t<\/div>\n\t\t<\/div>\n\t\t\t\t\t\t\t<\/div>\n\t\t<\/section>\n\t\t\t\t\t\t\t<\/div>\n\t\t","protected":false},"excerpt":{"rendered":"<p>Plongez dans une exp\u00e9rience toulousaine incomparable en choisissant l&rsquo;un de nos deux appartements uniques \u00e0 Colomiers ! Exp\u00e9rience Toulousaine Authentique Que vous optiez pour notre appartement pour 4 ou 6 personnes, vous d\u00e9couvrirez un cocon de confort et de tranquillit\u00e9, id\u00e9alement positionn\u00e9 pour explorer la m\u00e9tropole toulousaine et la zone AIRBUS. Confort Absolu Dans des [&hellip;]<\/p>\n","protected":false},"author":1,"featured_media":0,"parent":0,"menu_order":0,"comment_status":"closed","ping_status":"closed","template":"","meta":{"footnotes":""},"yoast_head":"<!-- This site is optimized with the Yoast SEO plugin v22.5 - https:\/\/yoast.com\/wordpress\/plugins\/seo\/ -->\n<title>Location appartement Colomiers<\/title>\n<meta name=\"description\" content=\"Bienvenue \u00e0 Colomiers. Pour vous voyages d&#039;affaire ou d\u00e9couvrir la ville, les appartements sont la solution id\u00e9ale. R\u00e9servez vite le votre !\" \/>\n<meta name=\"robots\" content=\"index, follow, max-snippet:-1, max-image-preview:large, max-video-preview:-1\" \/>\n<link rel=\"canonical\" href=\"https:\/\/www.location-appartement-colomiers.com\/\" \/>\n<meta property=\"og:locale\" content=\"fr_FR\" \/>\n<meta property=\"og:type\" content=\"article\" \/>\n<meta property=\"og:title\" content=\"Location appartement Colomiers\" \/>\n<meta property=\"og:description\" content=\"Bienvenue \u00e0 Colomiers. Pour vous voyages d&#039;affaire ou d\u00e9couvrir la ville, les appartements sont la solution id\u00e9ale. R\u00e9servez vite le votre !\" \/>\n<meta property=\"og:url\" content=\"https:\/\/www.location-appartement-colomiers.com\/\" \/>\n<meta property=\"og:site_name\" content=\"Location Appartement \u00e0 Colomiers - Court S\u00e9jour \u00e0 Proximit\u00e9 de Toulouse\" \/>\n<meta property=\"article:modified_time\" content=\"2024-01-06T17:01:46+00:00\" \/>\n<meta property=\"og:image\" content=\"http:\/\/ibwwhbc.cluster029.hosting.ovh.net\/wp-content\/uploads\/2021\/10\/Photo-Toulouse-credit-Toulouse-Evenements_1-1-1024x674.jpg\" \/>\n<meta name=\"twitter:card\" content=\"summary_large_image\" \/>\n<meta name=\"twitter:label1\" content=\"Dur\u00e9e de lecture estim\u00e9e\" \/>\n\t<meta name=\"twitter:data1\" content=\"2 minutes\" \/>\n<script type=\"application\/ld+json\" class=\"yoast-schema-graph\">{\"@context\":\"https:\/\/schema.org\",\"@graph\":[{\"@type\":\"WebPage\",\"@id\":\"https:\/\/www.location-appartement-colomiers.com\/\",\"url\":\"https:\/\/www.location-appartement-colomiers.com\/\",\"name\":\"Location appartement Colomiers\",\"isPartOf\":{\"@id\":\"https:\/\/www.location-appartement-colomiers.com\/#website\"},\"primaryImageOfPage\":{\"@id\":\"https:\/\/www.location-appartement-colomiers.com\/#primaryimage\"},\"image\":{\"@id\":\"https:\/\/www.location-appartement-colomiers.com\/#primaryimage\"},\"thumbnailUrl\":\"http:\/\/ibwwhbc.cluster029.hosting.ovh.net\/wp-content\/uploads\/2021\/10\/Photo-Toulouse-credit-Toulouse-Evenements_1-1-1024x674.jpg\",\"datePublished\":\"2021-10-31T20:06:08+00:00\",\"dateModified\":\"2024-01-06T17:01:46+00:00\",\"description\":\"Bienvenue \u00e0 Colomiers. Pour vous voyages d'affaire ou d\u00e9couvrir la ville, les appartements sont la solution id\u00e9ale. R\u00e9servez vite le votre !\",\"breadcrumb\":{\"@id\":\"https:\/\/www.location-appartement-colomiers.com\/#breadcrumb\"},\"inLanguage\":\"fr-FR\",\"potentialAction\":[{\"@type\":\"ReadAction\",\"target\":[\"https:\/\/www.location-appartement-colomiers.com\/\"]}]},{\"@type\":\"ImageObject\",\"inLanguage\":\"fr-FR\",\"@id\":\"https:\/\/www.location-appartement-colomiers.com\/#primaryimage\",\"url\":\"http:\/\/ibwwhbc.cluster029.hosting.ovh.net\/wp-content\/uploads\/2021\/10\/Photo-Toulouse-credit-Toulouse-Evenements_1-1-1024x674.jpg\",\"contentUrl\":\"http:\/\/ibwwhbc.cluster029.hosting.ovh.net\/wp-content\/uploads\/2021\/10\/Photo-Toulouse-credit-Toulouse-Evenements_1-1-1024x674.jpg\"},{\"@type\":\"BreadcrumbList\",\"@id\":\"https:\/\/www.location-appartement-colomiers.com\/#breadcrumb\",\"itemListElement\":[{\"@type\":\"ListItem\",\"position\":1,\"name\":\"Accueil\",\"item\":\"https:\/\/www.location-appartement-colomiers.com\/\"},{\"@type\":\"ListItem\",\"position\":2,\"name\":\"Location Appartement Colomiers\"}]},{\"@type\":\"WebSite\",\"@id\":\"https:\/\/www.location-appartement-colomiers.com\/#website\",\"url\":\"https:\/\/www.location-appartement-colomiers.com\/\",\"name\":\"Location Appartement \u00e0 Colomiers - Court S\u00e9jour \u00e0 Proximit\u00e9 de Toulouse\",\"description\":\"Envie de r\u00e9server un logement \u00e0 Toulouse ? Je suis l\u00e0 pour vous offrir une solution : 2 appartements calme et spacieux rien que pour vous. Le plus difficile sera de choisir..\",\"potentialAction\":[{\"@type\":\"SearchAction\",\"target\":{\"@type\":\"EntryPoint\",\"urlTemplate\":\"https:\/\/www.location-appartement-colomiers.com\/?s={search_term_string}\"},\"query-input\":\"required name=search_term_string\"}],\"inLanguage\":\"fr-FR\"}]}<\/script>\n<!-- \/ Yoast SEO plugin. -->","yoast_head_json":{"title":"Location appartement Colomiers","description":"Bienvenue \u00e0 Colomiers. Pour vous voyages d'affaire ou d\u00e9couvrir la ville, les appartements sont la solution id\u00e9ale. R\u00e9servez vite le votre !","robots":{"index":"index","follow":"follow","max-snippet":"max-snippet:-1","max-image-preview":"max-image-preview:large","max-video-preview":"max-video-preview:-1"},"canonical":"https:\/\/www.location-appartement-colomiers.com\/","og_locale":"fr_FR","og_type":"article","og_title":"Location appartement Colomiers","og_description":"Bienvenue \u00e0 Colomiers. Pour vous voyages d'affaire ou d\u00e9couvrir la ville, les appartements sont la solution id\u00e9ale. R\u00e9servez vite le votre !","og_url":"https:\/\/www.location-appartement-colomiers.com\/","og_site_name":"Location Appartement \u00e0 Colomiers - Court S\u00e9jour \u00e0 Proximit\u00e9 de Toulouse","article_modified_time":"2024-01-06T17:01:46+00:00","og_image":[{"url":"http:\/\/ibwwhbc.cluster029.hosting.ovh.net\/wp-content\/uploads\/2021\/10\/Photo-Toulouse-credit-Toulouse-Evenements_1-1-1024x674.jpg"}],"twitter_card":"summary_large_image","twitter_misc":{"Dur\u00e9e de lecture estim\u00e9e":"2 minutes"},"schema":{"@context":"https:\/\/schema.org","@graph":[{"@type":"WebPage","@id":"https:\/\/www.location-appartement-colomiers.com\/","url":"https:\/\/www.location-appartement-colomiers.com\/","name":"Location appartement Colomiers","isPartOf":{"@id":"https:\/\/www.location-appartement-colomiers.com\/#website"},"primaryImageOfPage":{"@id":"https:\/\/www.location-appartement-colomiers.com\/#primaryimage"},"image":{"@id":"https:\/\/www.location-appartement-colomiers.com\/#primaryimage"},"thumbnailUrl":"http:\/\/ibwwhbc.cluster029.hosting.ovh.net\/wp-content\/uploads\/2021\/10\/Photo-Toulouse-credit-Toulouse-Evenements_1-1-1024x674.jpg","datePublished":"2021-10-31T20:06:08+00:00","dateModified":"2024-01-06T17:01:46+00:00","description":"Bienvenue \u00e0 Colomiers. Pour vous voyages d'affaire ou d\u00e9couvrir la ville, les appartements sont la solution id\u00e9ale. R\u00e9servez vite le votre !","breadcrumb":{"@id":"https:\/\/www.location-appartement-colomiers.com\/#breadcrumb"},"inLanguage":"fr-FR","potentialAction":[{"@type":"ReadAction","target":["https:\/\/www.location-appartement-colomiers.com\/"]}]},{"@type":"ImageObject","inLanguage":"fr-FR","@id":"https:\/\/www.location-appartement-colomiers.com\/#primaryimage","url":"http:\/\/ibwwhbc.cluster029.hosting.ovh.net\/wp-content\/uploads\/2021\/10\/Photo-Toulouse-credit-Toulouse-Evenements_1-1-1024x674.jpg","contentUrl":"http:\/\/ibwwhbc.cluster029.hosting.ovh.net\/wp-content\/uploads\/2021\/10\/Photo-Toulouse-credit-Toulouse-Evenements_1-1-1024x674.jpg"},{"@type":"BreadcrumbList","@id":"https:\/\/www.location-appartement-colomiers.com\/#breadcrumb","itemListElement":[{"@type":"ListItem","position":1,"name":"Accueil","item":"https:\/\/www.location-appartement-colomiers.com\/"},{"@type":"ListItem","position":2,"name":"Location Appartement Colomiers"}]},{"@type":"WebSite","@id":"https:\/\/www.location-appartement-colomiers.com\/#website","url":"https:\/\/www.location-appartement-colomiers.com\/","name":"Location Appartement \u00e0 Colomiers - Court S\u00e9jour \u00e0 Proximit\u00e9 de Toulouse","description":"Envie de r\u00e9server un logement \u00e0 Toulouse ? Je suis l\u00e0 pour vous offrir une solution : 2 appartements calme et spacieux rien que pour vous. Le plus difficile sera de choisir..","potentialAction":[{"@type":"SearchAction","target":{"@type":"EntryPoint","urlTemplate":"https:\/\/www.location-appartement-colomiers.com\/?s={search_term_string}"},"query-input":"required name=search_term_string"}],"inLanguage":"fr-FR"}]}},"_links":{"self":[{"href":"https:\/\/www.location-appartement-colomiers.com\/index.php\/wp-json\/wp\/v2\/pages\/23"}],"collection":[{"href":"https:\/\/www.location-appartement-colomiers.com\/index.php\/wp-json\/wp\/v2\/pages"}],"about":[{"href":"https:\/\/www.location-appartement-colomiers.com\/index.php\/wp-json\/wp\/v2\/types\/page"}],"author":[{"embeddable":true,"href":"https:\/\/www.location-appartement-colomiers.com\/index.php\/wp-json\/wp\/v2\/users\/1"}],"replies":[{"embeddable":true,"href":"https:\/\/www.location-appartement-colomiers.com\/index.php\/wp-json\/wp\/v2\/comments?post=23"}],"version-history":[{"count":33,"href":"https:\/\/www.location-appartement-colomiers.com\/index.php\/wp-json\/wp\/v2\/pages\/23\/revisions"}],"predecessor-version":[{"id":487,"href":"https:\/\/www.location-appartement-colomiers.com\/index.php\/wp-json\/wp\/v2\/pages\/23\/revisions\/487"}],"wp:attachment":[{"href":"https:\/\/www.location-appartement-colomiers.com\/index.php\/wp-json\/wp\/v2\/media?parent=23"}],"curies":[{"name":"wp","href":"https:\/\/api.w.org\/{rel}","templated":true}]}}